{"id":11733,"date":"2026-03-29T17:04:28","date_gmt":"2026-03-29T17:04:28","guid":{"rendered":"https:\/\/mitomito.dk\/?post_type=product&#038;p=11733"},"modified":"2026-03-29T17:09:11","modified_gmt":"2026-03-29T17:09:11","slug":"tote-bag-naya","status":"publish","type":"product","link":"https:\/\/mitomito.dk\/en\/shop\/tasker\/tote-bag-naya\/","title":{"rendered":"Tote bag Naya"},"content":{"rendered":"","protected":false},"excerpt":{"rendered":"<p><strong>Rummelig og sk\u00f8n tote bag med indvendig lomme &#8211; i det fineste print.<\/strong><\/p>\n<p data-start=\"228\" data-end=\"482\">Stort stofnet i smukt afrikansk print med fine guld-detaljer. Tasken har god plads til alle dine daglige ting. Den er behagelig at b\u00e6re og fungerer godt som taske til f.eks. sport, indk\u00f8b eller som en afslappet weekendtaske.<\/p>\n<p data-start=\"703\" data-end=\"1051\">Hver taske produceres i meget begr\u00e6nset antal, da stoffet kun findes i sm\u00e5 m\u00e6ngder, og alle tasker syes p\u00e5 en lille lokal systue i Nairobi. For at udnytte hele stoffets print er hver taske helt unik, og der vil derfor v\u00e6re sm\u00e5 variationer i m\u00f8nster og placering i forhold til produktbilledet \u2013 pr\u00e6cis d\u00e9t, der g\u00f8r din taske helt s\u00e6rlig.<\/p>\n<h4 data-start=\"701\" data-end=\"728\"><strong data-start=\"706\" data-end=\"728\">Produktinformation<\/strong><\/h4>\n<ul data-start=\"729\" data-end=\"881\">\n<li data-start=\"729\" data-end=\"752\">\n<p data-start=\"731\" data-end=\"752\"><strong data-start=\"731\" data-end=\"739\">M\u00e5l:<\/strong> 60 \u00d7 45 cm (ekskl. skulderstropper)<\/p>\n<\/li>\n<li data-start=\"729\" data-end=\"752\">\n<p data-start=\"731\" data-end=\"752\"><strong data-start=\"755\" data-end=\"774\">Yderstof &amp; for:<\/strong> Bomuld<\/p>\n<\/li>\n<li data-start=\"830\" data-end=\"881\">\n<p data-start=\"832\" data-end=\"881\"><strong data-start=\"832\" data-end=\"851\">Vaskeanvisning:<\/strong> Max. 30 grader<\/p>\n<\/li>\n<\/ul>\n<p>Produktet er designet i Danmark af <span class=\"hover:entity-accent entity-underline inline cursor-pointer align-baseline\"><span class=\"whitespace-normal\">Mette Damgaard<\/span><\/span>, som st\u00e5r bag <span class=\"hover:entity-accent entity-underline inline cursor-pointer align-baseline\"><span class=\"whitespace-normal\">Mitomito<\/span><\/span>, og produceret i Kenya under ansvarlige forhold. N\u00e5r du k\u00f8ber denne taske, fork\u00e6ler du ikke kun dig selv \u2013 du st\u00f8tter ogs\u00e5 en lille virksomhed, der arbejder for h\u00f8j kvalitet, lang holdbarhed og etisk produktion.<\/p>","protected":false},"featured_media":11734,"template":"","meta":[],"product_brand":[],"product_cat":[188,223],"product_tag":[111,115,114,112,96,94,113],"class_list":{"0":"post-11733","1":"product","2":"type-product","3":"status-publish","4":"has-post-thumbnail","6":"product_cat-tasker","7":"product_cat-totebags","8":"product_tag-clutch","9":"product_tag-dametaske","10":"product_tag-gaa-i-byen-taske","11":"product_tag-haandtaske","12":"product_tag-kosmetiktaske","13":"product_tag-makeup-pung","14":"product_tag-pung","16":"first","17":"instock","18":"taxable","19":"shipping-taxable","20":"purchasable","21":"product-type-simple"},"_links":{"self":[{"href":"https:\/\/mitomito.dk\/en\/wp-json\/wp\/v2\/product\/11733","targetHints":{"allow":["GET"]}}],"collection":[{"href":"https:\/\/mitomito.dk\/en\/wp-json\/wp\/v2\/product"}],"about":[{"href":"https:\/\/mitomito.dk\/en\/wp-json\/wp\/v2\/types\/product"}],"wp:featuredmedia":[{"embeddable":true,"href":"https:\/\/mitomito.dk\/en\/wp-json\/wp\/v2\/media\/11734"}],"wp:attachment":[{"href":"https:\/\/mitomito.dk\/en\/wp-json\/wp\/v2\/media?parent=11733"}],"wp:term":[{"taxonomy":"product_brand","embeddable":true,"href":"https:\/\/mitomito.dk\/en\/wp-json\/wp\/v2\/product_brand?post=11733"},{"taxonomy":"product_cat","embeddable":true,"href":"https:\/\/mitomito.dk\/en\/wp-json\/wp\/v2\/product_cat?post=11733"},{"taxonomy":"product_tag","embeddable":true,"href":"https:\/\/mitomito.dk\/en\/wp-json\/wp\/v2\/product_tag?post=11733"}],"curies":[{"name":"wp","href":"https:\/\/api.w.org\/{rel}","templated":true}]}}