{"id":11629,"date":"2025-12-03T21:09:14","date_gmt":"2025-12-03T21:09:14","guid":{"rendered":"https:\/\/mitomito.dk\/?post_type=product&#038;p=11629"},"modified":"2026-03-13T13:13:22","modified_gmt":"2026-03-13T13:13:22","slug":"quiltet-stoftaske-maisie","status":"publish","type":"product","link":"https:\/\/mitomito.dk\/en\/shop\/tasker\/quiltet-stoftaske-maisie\/","title":{"rendered":"Quiltet stoftaske Maisie"},"content":{"rendered":"","protected":false},"excerpt":{"rendered":"<p><strong>Quiltet skuldertaske med udvendig lomme \u2013 smukt print med gulddetaljer<\/strong><\/p>\n<p data-start=\"228\" data-end=\"482\">Fork\u00e6l dig selv med denne smukke quiltede skuldertaske, syet i et smukt print med fine gulddetaljer. Tasken har en stor praktisk udvendig lomme med guldfarvet lynl\u00e5s, en inderlomme samt trykknap i toppen, s\u00e5 du nemt kan lukke tasken til. Desuden er inderforet syet i et andet matchende print, som giver tasken et ekstra fint look.<\/p>\n<p data-start=\"484\" data-end=\"701\">Den er skabt til at f\u00f8lge dig i hverdagen \u2013 perfekt til arbejde med plads til computer og det vigtigste, men ogs\u00e5 sk\u00f8n at tage med p\u00e5 en tur i byen, hvor den tilf\u00f8rer dit outfit et personligt og eksklusivt udtryk.<\/p>\n<p data-start=\"703\" data-end=\"1051\">Hver taske produceres i meget begr\u00e6nset antal, da stoffet kun findes i sm\u00e5 m\u00e6ngder, og alle tasker syes p\u00e5 en lille lokal systue i Nairobi. For at udnytte hele stoffets print er hver taske helt unik, og der vil derfor v\u00e6re sm\u00e5 variationer i m\u00f8nster og placering i forhold til produktbilledet \u2013 pr\u00e6cis d\u00e9t, der g\u00f8r din taske helt s\u00e6rlig.<\/p>\n<p data-start=\"1053\" data-end=\"1137\">Kombin\u00e9r tasken med en Maisie quiltet clutch og skab det fineste, personlige s\u00e6t.<\/p>\n<h4 data-start=\"701\" data-end=\"728\"><strong data-start=\"706\" data-end=\"728\">Produktinformation<\/strong><\/h4>\n<ul data-start=\"729\" data-end=\"881\">\n<li data-start=\"729\" data-end=\"752\">\n<p data-start=\"731\" data-end=\"752\"><strong data-start=\"731\" data-end=\"739\">M\u00e5l:<\/strong> 41 \u00d7 34 cm (ekskl. skulderstropper)<\/p>\n<\/li>\n<li data-start=\"729\" data-end=\"752\">\n<p data-start=\"731\" data-end=\"752\"><strong data-start=\"755\" data-end=\"774\">Yderstof &amp; for:<\/strong> 100% cotton<\/p>\n<\/li>\n<li data-start=\"789\" data-end=\"829\">\n<p data-start=\"791\" data-end=\"829\"><strong data-start=\"791\" data-end=\"800\">Fyld:<\/strong> 50% bomuld \/ 50% polyester<\/p>\n<\/li>\n<li data-start=\"830\" data-end=\"881\">\n<p data-start=\"832\" data-end=\"881\"><strong data-start=\"832\" data-end=\"851\">Vaskeanvisning:<\/strong> H\u00e5ndvask ved max. 30 grader<\/p>\n<\/li>\n<\/ul>\n<p>Produktet er designet i Danmark af <span class=\"hover:entity-accent entity-underline inline cursor-pointer align-baseline\"><span class=\"whitespace-normal\">Mette Damgaard<\/span><\/span>, som st\u00e5r bag <span class=\"hover:entity-accent entity-underline inline cursor-pointer align-baseline\"><span class=\"whitespace-normal\">Mitomito<\/span><\/span>, og produceret i Kenya under ansvarlige forhold. N\u00e5r du k\u00f8ber denne taske, fork\u00e6ler du ikke kun dig selv \u2013 du st\u00f8tter ogs\u00e5 en lille virksomhed, der arbejder for h\u00f8j kvalitet, lang holdbarhed og etisk produktion.<\/p>","protected":false},"featured_media":11630,"template":"","meta":[],"product_brand":[],"product_cat":[188,225],"product_tag":[111,115,114,112,96,94,113],"class_list":{"0":"post-11629","1":"product","2":"type-product","3":"status-publish","4":"has-post-thumbnail","6":"product_cat-tasker","7":"product_cat-quiltet-stoftasker","8":"product_tag-clutch","9":"product_tag-dametaske","10":"product_tag-gaa-i-byen-taske","11":"product_tag-haandtaske","12":"product_tag-kosmetiktaske","13":"product_tag-makeup-pung","14":"product_tag-pung","16":"first","17":"instock","18":"taxable","19":"shipping-taxable","20":"purchasable","21":"product-type-simple"},"_links":{"self":[{"href":"https:\/\/mitomito.dk\/en\/wp-json\/wp\/v2\/product\/11629","targetHints":{"allow":["GET"]}}],"collection":[{"href":"https:\/\/mitomito.dk\/en\/wp-json\/wp\/v2\/product"}],"about":[{"href":"https:\/\/mitomito.dk\/en\/wp-json\/wp\/v2\/types\/product"}],"wp:featuredmedia":[{"embeddable":true,"href":"https:\/\/mitomito.dk\/en\/wp-json\/wp\/v2\/media\/11630"}],"wp:attachment":[{"href":"https:\/\/mitomito.dk\/en\/wp-json\/wp\/v2\/media?parent=11629"}],"wp:term":[{"taxonomy":"product_brand","embeddable":true,"href":"https:\/\/mitomito.dk\/en\/wp-json\/wp\/v2\/product_brand?post=11629"},{"taxonomy":"product_cat","embeddable":true,"href":"https:\/\/mitomito.dk\/en\/wp-json\/wp\/v2\/product_cat?post=11629"},{"taxonomy":"product_tag","embeddable":true,"href":"https:\/\/mitomito.dk\/en\/wp-json\/wp\/v2\/product_tag?post=11629"}],"curies":[{"name":"wp","href":"https:\/\/api.w.org\/{rel}","templated":true}]}}