{"id":11607,"date":"2025-12-02T20:29:51","date_gmt":"2025-12-02T20:29:51","guid":{"rendered":"https:\/\/mitomito.dk\/?post_type=product&#038;p=11607"},"modified":"2026-03-13T13:14:06","modified_gmt":"2026-03-13T13:14:06","slug":"clutch-maisie","status":"publish","type":"product","link":"https:\/\/mitomito.dk\/en\/shop\/tasker\/clutch-maisie\/","title":{"rendered":"Clutch Maisie"},"content":{"rendered":"","protected":false},"excerpt":{"rendered":"<p><strong>Quiltet clutch med h\u00e5ndledsrem \u2013 smukt print med gulddetaljer<\/strong><\/p>\n<p data-start=\"220\" data-end=\"495\">Fork\u00e6l dig selv med denne fine\u00a0clutch, syet i et smukt print med gulddetaljer og guldfarvet lynl\u00e5s. Hver clutch er produceret i meget begr\u00e6nset antal, da stoffet kun findes i f\u00e5 m\u00e6ngder, og produktionen foreg\u00e5r p\u00e5 en lille lokal systue i Nairobi. Da vi anvender hele stoffets print, er hver taske helt unik, og der kan derfor forekomme variation i m\u00f8nster og placering i forhold til produktbilledet.<\/p>\n<p data-start=\"497\" data-end=\"553\">Clutchen er b\u00e5de praktisk og alsidig \u2013 brug den som:<\/p>\n<ul data-start=\"554\" data-end=\"699\">\n<li data-start=\"554\" data-end=\"587\">\n<p data-start=\"556\" data-end=\"587\">Lille h\u00e5ndtaske til aftenbrug<\/p>\n<\/li>\n<li data-start=\"588\" data-end=\"602\">\n<p data-start=\"590\" data-end=\"602\">Makeuppung<\/p>\n<\/li>\n<li data-start=\"603\" data-end=\"618\">\n<p data-start=\"605\" data-end=\"618\">Toilettaske<\/p>\n<\/li>\n<li data-start=\"619\" data-end=\"649\">\n<p data-start=\"621\" data-end=\"649\">Pung til telefon og n\u00f8gler<\/p>\n<\/li>\n<li data-start=\"650\" data-end=\"699\">\n<p data-start=\"652\" data-end=\"699\">Eller til lige det, du har brug for i hverdagen<\/p>\n<\/li>\n<\/ul>\n<p>Kombiner med en Maisie quiltede skuldertaske og skab det fineste, personlige s\u00e6t.<\/p>\n<h4 data-start=\"701\" data-end=\"728\"><strong data-start=\"706\" data-end=\"728\">Produktinformation<\/strong><\/h4>\n<ul data-start=\"729\" data-end=\"881\">\n<li data-start=\"729\" data-end=\"752\">\n<p data-start=\"731\" data-end=\"752\"><strong data-start=\"731\" data-end=\"739\">M\u00e5l:<\/strong> 25 \u00d7 16 cm<\/p>\n<\/li>\n<li data-start=\"729\" data-end=\"752\">\n<p data-start=\"731\" data-end=\"752\"><strong data-start=\"755\" data-end=\"774\">Yderstof &amp; for:<\/strong> 100% cotton<\/p>\n<\/li>\n<li data-start=\"789\" data-end=\"829\">\n<p data-start=\"791\" data-end=\"829\"><strong data-start=\"791\" data-end=\"800\">Fyld:<\/strong> 50% bomuld \/ 50% polyester<\/p>\n<\/li>\n<li data-start=\"830\" data-end=\"881\">\n<p data-start=\"832\" data-end=\"881\"><strong data-start=\"832\" data-end=\"851\">Vaskeanvisning:<\/strong> H\u00e5ndvask ved max. 30 grader<\/p>\n<\/li>\n<\/ul>\n<p>Produktet er designet i Danmark af <span class=\"hover:entity-accent entity-underline inline cursor-pointer align-baseline\"><span class=\"whitespace-normal\">Mette Damgaard<\/span><\/span>, som st\u00e5r bag <span class=\"hover:entity-accent entity-underline inline cursor-pointer align-baseline\"><span class=\"whitespace-normal\">Mitomito<\/span><\/span>, og produceret i Kenya under ansvarlige forhold. N\u00e5r du k\u00f8ber denne clutch, fork\u00e6ler du ikke kun dig selv \u2013 du st\u00f8tter ogs\u00e5 en lille virksomhed, der arbejder for h\u00f8j kvalitet, lang holdbarhed og etisk produktion.<\/p>","protected":false},"featured_media":11608,"template":"","meta":[],"product_brand":[],"product_cat":[188,224],"product_tag":[111,115,114,112,96,94,113],"class_list":{"0":"post-11607","1":"product","2":"type-product","3":"status-publish","4":"has-post-thumbnail","6":"product_cat-tasker","7":"product_cat-clutches","8":"product_tag-clutch","9":"product_tag-dametaske","10":"product_tag-gaa-i-byen-taske","11":"product_tag-haandtaske","12":"product_tag-kosmetiktaske","13":"product_tag-makeup-pung","14":"product_tag-pung","16":"first","17":"instock","18":"taxable","19":"shipping-taxable","20":"purchasable","21":"product-type-simple"},"_links":{"self":[{"href":"https:\/\/mitomito.dk\/en\/wp-json\/wp\/v2\/product\/11607","targetHints":{"allow":["GET"]}}],"collection":[{"href":"https:\/\/mitomito.dk\/en\/wp-json\/wp\/v2\/product"}],"about":[{"href":"https:\/\/mitomito.dk\/en\/wp-json\/wp\/v2\/types\/product"}],"wp:featuredmedia":[{"embeddable":true,"href":"https:\/\/mitomito.dk\/en\/wp-json\/wp\/v2\/media\/11608"}],"wp:attachment":[{"href":"https:\/\/mitomito.dk\/en\/wp-json\/wp\/v2\/media?parent=11607"}],"wp:term":[{"taxonomy":"product_brand","embeddable":true,"href":"https:\/\/mitomito.dk\/en\/wp-json\/wp\/v2\/product_brand?post=11607"},{"taxonomy":"product_cat","embeddable":true,"href":"https:\/\/mitomito.dk\/en\/wp-json\/wp\/v2\/product_cat?post=11607"},{"taxonomy":"product_tag","embeddable":true,"href":"https:\/\/mitomito.dk\/en\/wp-json\/wp\/v2\/product_tag?post=11607"}],"curies":[{"name":"wp","href":"https:\/\/api.w.org\/{rel}","templated":true}]}}