{"id":11564,"date":"2025-11-09T11:44:04","date_gmt":"2025-11-09T11:44:04","guid":{"rendered":"https:\/\/mitomito.dk\/?post_type=product&#038;p=11564"},"modified":"2025-11-15T07:48:53","modified_gmt":"2025-11-15T07:48:53","slug":"luna-bordlampe-no-3","status":"publish","type":"product","link":"https:\/\/mitomito.dk\/en\/shop\/bordlamper\/luna-bordlampe-no-3\/","title":{"rendered":"Luna bordlampe No 3"},"content":{"rendered":"","protected":false},"excerpt":{"rendered":"<p><strong>H\u00e5ndlavet bordlampe &#8211; Rikke Mangelsen X Mitomito<\/strong><\/p>\n<p>Sammen med keramiker Rikke Mangelsen har jeg skabt Luna \u2013 en lampe, hvor hver eneste form, kurve og nuance er skabt i h\u00e5nden.<br \/>\nVi har kun lavet 8 stk og ingen bliver nogensinde ens. Hver lampe er et lille kunstv\u00e6rk.<br \/>\nAlle lampef\u00f8dder er h\u00e5nddrejet af Rikke Mangelsen i hendes lille v\u00e6rksted p\u00e5 Falster, og resten af lampen er h\u00e5ndbygget hos Mitomito.<\/p>\n<ul>\n<li>H\u00f8jde incl. lampesk\u00e6rm: 40,5 cm<\/li>\n<li>Lampefod: Drejet i porcel\u00e6nsler med bl\u00e5 glasering<\/li>\n<li>Lampesk\u00e6rm: Stof af h\u00f8r\/viscose med gr\u00f8nne striber<\/li>\n<li>Ledning med afbryder cirka 130 cm<\/li>\n<\/ul>","protected":false},"featured_media":11565,"template":"","meta":[],"product_brand":[],"product_cat":[221],"product_tag":[222,204,200],"class_list":{"0":"post-11564","1":"product","2":"type-product","3":"status-publish","4":"has-post-thumbnail","6":"product_cat-bordlamper","7":"product_tag-bordlampe","8":"product_tag-haandlavet","9":"product_tag-keramik","11":"first","12":"outofstock","13":"taxable","14":"shipping-taxable","15":"purchasable","16":"product-type-simple"},"_links":{"self":[{"href":"https:\/\/mitomito.dk\/en\/wp-json\/wp\/v2\/product\/11564","targetHints":{"allow":["GET"]}}],"collection":[{"href":"https:\/\/mitomito.dk\/en\/wp-json\/wp\/v2\/product"}],"about":[{"href":"https:\/\/mitomito.dk\/en\/wp-json\/wp\/v2\/types\/product"}],"wp:featuredmedia":[{"embeddable":true,"href":"https:\/\/mitomito.dk\/en\/wp-json\/wp\/v2\/media\/11565"}],"wp:attachment":[{"href":"https:\/\/mitomito.dk\/en\/wp-json\/wp\/v2\/media?parent=11564"}],"wp:term":[{"taxonomy":"product_brand","embeddable":true,"href":"https:\/\/mitomito.dk\/en\/wp-json\/wp\/v2\/product_brand?post=11564"},{"taxonomy":"product_cat","embeddable":true,"href":"https:\/\/mitomito.dk\/en\/wp-json\/wp\/v2\/product_cat?post=11564"},{"taxonomy":"product_tag","embeddable":true,"href":"https:\/\/mitomito.dk\/en\/wp-json\/wp\/v2\/product_tag?post=11564"}],"curies":[{"name":"wp","href":"https:\/\/api.w.org\/{rel}","templated":true}]}}