{"id":394,"date":"2017-10-15T19:50:43","date_gmt":"2017-10-15T19:50:43","guid":{"rendered":"http:\/\/mitomito.dk\/?page_id=394"},"modified":"2023-09-25T15:05:58","modified_gmt":"2023-09-25T15:05:58","slug":"om-os","status":"publish","type":"page","link":"https:\/\/mitomito.dk\/en\/om-os\/","title":{"rendered":"ABOUT US"},"content":{"rendered":"<div id=\"gap-881439688\" class=\"gap-element clearfix\" style=\"display:block; height:auto;\">\n\t\t\n<style>\n#gap-881439688 {\n  padding-top: 30px;\n}\n<\/style>\n\t<\/div>\n\t\n<p>Mitomito is my dream of textile interiors that ooze good quality, beautiful colours and fine details.<\/p>\n<p>I design and develop all my own products with a focus on the informal and personal expression for you and your home. I am always on the lookout for beautiful textiles and prints that add charisma and unpredictability to my designs. My sources of inspiration are endless and I have several different collaborators around the world.<\/p>\n<p>A Mitomito product cannot be mass produced. The substances I choose are only available in limited quantities, which means that new products are constantly being added to the stock.<\/p>\n<p>Welcome to Mitomito.<\/p>\n<p>Mette Damgaard, designer and owner<\/p>\n<p><img decoding=\"async\" class=\"alignnone wp-image-270\" src=\"https:\/\/mitomito.dk\/wp-content\/uploads\/2017\/10\/mitomito.logo_.png\" alt=\"Logo Mitomito.dk\" width=\"161\" height=\"21\" srcset=\"https:\/\/mitomito.dk\/wp-content\/uploads\/2017\/10\/mitomito.logo_.png 300w, https:\/\/mitomito.dk\/wp-content\/uploads\/2017\/10\/mitomito.logo_-280x39.png 280w\" sizes=\"(max-width: 161px) 100vw, 161px\" \/><\/p>\n<p>Read more about Mette here:\u00a0<a href=\"https:\/\/boligmagasinet.dk\/boliger\/se-hvordan-mette-har-skabt-et-personligt-og-hyggeligt-hjem-i-den-gamle-fabrik\" target=\"_blank\" rel=\"noopener noreferrer\">https:\/\/boligmagasinet.dk\/boliger\/se-hvordan-mette-har-skabt-et-personligt-og-hyggeligt-hjem-i-den-gamle-fabrik<\/a><\/p>\n\t<div class=\"img has-hover x md-x lg-x y md-y lg-y\" id=\"image_313911698\">\n\t\t\t\t\t\t\t\t<div class=\"img-inner dark\" >\n\t\t\t<img decoding=\"async\" width=\"1020\" height=\"340\" src=\"https:\/\/mitomito.dk\/wp-content\/uploads\/2023\/05\/Design-uden-navn.png\" class=\"attachment-large size-large\" alt=\"Mette, designer og ejer, Mitomito\" srcset=\"https:\/\/mitomito.dk\/wp-content\/uploads\/2023\/05\/Design-uden-navn.png 1200w, https:\/\/mitomito.dk\/wp-content\/uploads\/2023\/05\/Design-uden-navn-768x256.png 768w, https:\/\/mitomito.dk\/wp-content\/uploads\/2023\/05\/Design-uden-navn-18x6.png 18w, https:\/\/mitomito.dk\/wp-content\/uploads\/2023\/05\/Design-uden-navn-500x167.png 500w\" sizes=\"(max-width: 1020px) 100vw, 1020px\" \/>\t\t\t\t\t\t\n\t\t\t\t\t<\/div>\n\t\t\t\t\t\t\t\t\n<style>\n#image_313911698 {\n  width: 100%;\n}\n<\/style>\n\t<\/div>","protected":false},"excerpt":{"rendered":"<p>Mitomito er min dr\u00f8m om tekstil-interi\u00f8r, som oser af god kvalitet, sk\u00f8nne farver og fine detaljer. Jeg designer og udvikler selv alle mine produkter med fokus p\u00e5 det uformelle og personlige udtryk til dig og dit hjem. Jeg er altid p\u00e5 udkig efter smukke tekstiler og prints, som giver mine designs karisma og uforudsigelighed. Mine [&#8230;]\n","protected":false},"author":114,"featured_media":0,"parent":0,"menu_order":0,"comment_status":"closed","ping_status":"closed","template":"","meta":{"footnotes":""},"class_list":["post-394","page","type-page","status-publish","hentry"],"_links":{"self":[{"href":"https:\/\/mitomito.dk\/en\/wp-json\/wp\/v2\/pages\/394","targetHints":{"allow":["GET"]}}],"collection":[{"href":"https:\/\/mitomito.dk\/en\/wp-json\/wp\/v2\/pages"}],"about":[{"href":"https:\/\/mitomito.dk\/en\/wp-json\/wp\/v2\/types\/page"}],"author":[{"embeddable":true,"href":"https:\/\/mitomito.dk\/en\/wp-json\/wp\/v2\/users\/114"}],"replies":[{"embeddable":true,"href":"https:\/\/mitomito.dk\/en\/wp-json\/wp\/v2\/comments?post=394"}],"version-history":[{"count":44,"href":"https:\/\/mitomito.dk\/en\/wp-json\/wp\/v2\/pages\/394\/revisions"}],"predecessor-version":[{"id":10106,"href":"https:\/\/mitomito.dk\/en\/wp-json\/wp\/v2\/pages\/394\/revisions\/10106"}],"wp:attachment":[{"href":"https:\/\/mitomito.dk\/en\/wp-json\/wp\/v2\/media?parent=394"}],"curies":[{"name":"wp","href":"https:\/\/api.w.org\/{rel}","templated":true}]}}