{"id":2871,"date":"2020-04-20T18:10:28","date_gmt":"2020-04-20T18:10:28","guid":{"rendered":"https:\/\/mitomito.dk\/?page_id=2871"},"modified":"2020-05-03T09:20:49","modified_gmt":"2020-05-03T09:20:49","slug":"b2b","status":"publish","type":"page","link":"https:\/\/mitomito.dk\/en\/b2b\/","title":{"rendered":"B2B"},"content":{"rendered":"<section class=\"section dark has-scroll-for-more\" id=\"section_790474621\">\n\t\t<div class=\"section-bg fill\" >\n\t\t\t\t\t\t\t\t\t<button class=\"scroll-for-more z-5 icon absolute bottom h-center\" aria-label=\"Scroll for more\"><i class=\"icon-angle-down\" aria-hidden=\"true\" style=\"font-size:42px;\"><\/i><\/button>\n\t\t\t\n\n\t\t<\/div>\n\n\t\t\n\n\t\t<div class=\"section-content relative\">\n\t\t\t\n<div class=\"row\"  id=\"row-397678324\">\n\n\t<div id=\"col-1779149605\" class=\"col small-12 large-12\"  >\n\t\t\t\t<div class=\"col-inner text-center\"  >\n\t\t\t\n\t\t\t\n<h1 class=\"uppercase\" style=\"font-size: 100%;\"><span style=\"font-size: 100%;\">Welcome to Mitomito's B2B webshop<\/span><\/h1>\n\t\t<\/div>\n\t\t\t\t\n<style>\n#col-1779149605 > .col-inner {\n  margin: 0px 0px -15px 0px;\n}\n<\/style>\n\t<\/div>\n\n\t\n<\/div>\n<div class=\"row row-collapse align-center\"  id=\"row-1546892281\">\n\n\t<div id=\"col-899539793\" class=\"col medium-7 small-12 large-7\"  >\n\t\t\t\t<div class=\"col-inner\"  >\n\t\t\t\n\t\t\t\n<div class=\"row row-collapse\"  id=\"row-23669674\">\n\n\t<div id=\"col-581661843\" class=\"col medium-6 small-12 large-6\"  >\n\t\t\t\t<div class=\"col-inner\"  >\n\t\t\t\n\t\t\t\n<a href=\"https:\/\/mitomito.dk\/en\/shop\/\" class=\"button white expand\" style=\"border-radius:5px;\">\n\t\t<span>SHOP NOW<\/span>\n\t<\/a>\n\n\t\t<\/div>\n\t\t\t\t\t<\/div>\n\n\t\n\n\t<div id=\"col-1007750768\" class=\"col medium-6 small-12 large-6\"  >\n\t\t\t\t<div class=\"col-inner\"  >\n\t\t\t\n\t\t\t\n<a href=\"https:\/\/mitomito.dk\/en\/min-konto\/\" class=\"button white expand\" style=\"border-radius:5px;\">\n\t\t<span>MY ACCOUNT<\/span>\n\t<\/a>\n\n\t\t<\/div>\n\t\t\t\t\t<\/div>\n\n\t\n\n<style>\n#row-23669674 > .col > .col-inner {\n  padding: 0px 15px 0px 15px;\n}\n@media (min-width:550px) {\n  #row-23669674 > .col > .col-inner {\n    padding: 0px 5px 0px 5px;\n  }\n}\n<\/style>\n<\/div>\n\t\t<\/div>\n\t\t\t\t\t<\/div>\n\n\t\n<\/div>\n\t\t<\/div>\n\n\t\t\n<style>\n#section_790474621 {\n  padding-top: 30px;\n  padding-bottom: 30px;\n  min-height: 600px;\n  background-color: #8F6D64;\n}\n@media (min-width:550px) {\n  #section_790474621 {\n    min-height: 450px;\n  }\n}\n<\/style>\n\t<\/section>\n\t\n\n\t<section class=\"section\" id=\"section_145331693\">\n\t\t<div class=\"section-bg fill\" >\n\t\t\t\t\t\t\t\t\t\n\t\t\t\n\n\t\t<\/div>\n\n\t\t\n\n\t\t<div class=\"section-content relative\">\n\t\t\t\n<div class=\"row row-dashed\"  id=\"row-1422139755\">\n\n\t<div id=\"col-1021693434\" class=\"col medium-6 small-12 large-6\"  >\n\t\t\t\t<div class=\"col-inner\"  >\n\t\t\t\n\t\t\t\n\n\t\t<div class=\"icon-box featured-box icon-box-left text-left\"  >\n\t\t\t\t\t<div class=\"icon-box-img\" style=\"width: 30px\">\n\t\t\t\t<div class=\"icon\">\n\t\t\t\t\t<div class=\"icon-inner\" >\n\t\t\t\t\t\t<img decoding=\"async\" width=\"400\" height=\"400\" src=\"https:\/\/mitomito.dk\/wp-content\/uploads\/2020\/04\/delivery-package-opened-400x400.png\" class=\"attachment-medium size-medium\" alt=\"\" srcset=\"https:\/\/mitomito.dk\/wp-content\/uploads\/2020\/04\/delivery-package-opened-400x400.png 400w, https:\/\/mitomito.dk\/wp-content\/uploads\/2020\/04\/delivery-package-opened-280x280.png 280w, https:\/\/mitomito.dk\/wp-content\/uploads\/2020\/04\/delivery-package-opened-500x500.png 500w, https:\/\/mitomito.dk\/wp-content\/uploads\/2020\/04\/delivery-package-opened-100x100.png 100w, https:\/\/mitomito.dk\/wp-content\/uploads\/2020\/04\/delivery-package-opened-150x150.png 150w, https:\/\/mitomito.dk\/wp-content\/uploads\/2020\/04\/delivery-package-opened.png 512w\" sizes=\"(max-width: 400px) 100vw, 400px\" \/>\t\t\t\t\t<\/div>\n\t\t\t\t<\/div>\n\t\t\t<\/div>\n\t\t\t\t<div class=\"icon-box-text last-reset\">\n\t\t\t\t\t\t\t\t\t\n<h4><a href=\"#handelsbetingelser\">Trade and delivery conditions<\/a><\/h4>\n\t\t<\/div>\n\t<\/div>\n\t\n\t\n\t\t<\/div>\n\t\t\t\t\t<\/div>\n\n\t\n\n\t<div id=\"col-1009841455\" class=\"col medium-4 small-12 large-4\"  >\n\t\t\t\t<div class=\"col-inner\"  >\n\t\t\t\n\t\t\t\n\n\t\t<div class=\"icon-box featured-box icon-box-left text-left\"  >\n\t\t\t\t\t<div class=\"icon-box-img\" style=\"width: 30px\">\n\t\t\t\t<div class=\"icon\">\n\t\t\t\t\t<div class=\"icon-inner\" >\n\t\t\t\t\t\t<img decoding=\"async\" width=\"400\" height=\"400\" src=\"https:\/\/mitomito.dk\/wp-content\/uploads\/2020\/04\/call-center-worker-with-headset-400x400.png\" class=\"attachment-medium size-medium\" alt=\"\" srcset=\"https:\/\/mitomito.dk\/wp-content\/uploads\/2020\/04\/call-center-worker-with-headset-400x400.png 400w, https:\/\/mitomito.dk\/wp-content\/uploads\/2020\/04\/call-center-worker-with-headset-280x280.png 280w, https:\/\/mitomito.dk\/wp-content\/uploads\/2020\/04\/call-center-worker-with-headset-500x500.png 500w, https:\/\/mitomito.dk\/wp-content\/uploads\/2020\/04\/call-center-worker-with-headset-100x100.png 100w, https:\/\/mitomito.dk\/wp-content\/uploads\/2020\/04\/call-center-worker-with-headset-150x150.png 150w, https:\/\/mitomito.dk\/wp-content\/uploads\/2020\/04\/call-center-worker-with-headset.png 512w\" sizes=\"(max-width: 400px) 100vw, 400px\" \/>\t\t\t\t\t<\/div>\n\t\t\t\t<\/div>\n\t\t\t<\/div>\n\t\t\t\t<div class=\"icon-box-text last-reset\">\n\t\t\t\t\t\t\t\t\t\n<h4><a href=\"https:\/\/mitomito.dk\/en\/kontakt\/\">Support &amp; Contact<\/a><\/h4>\n\t\t<\/div>\n\t<\/div>\n\t\n\t\n\t\t<\/div>\n\t\t\t\t\t<\/div>\n\n\t\n\n<style>\n#row-1422139755 > .col > .col-inner {\n  padding: 15px 20px 15px 20px;\n}\n@media (min-width:550px) {\n  #row-1422139755 > .col > .col-inner {\n    padding: 5px 20px 5px 20px;\n  }\n}\n<\/style>\n<\/div>\n\t\t<\/div>\n\n\t\t\n<style>\n#section_145331693 {\n  padding-top: 30px;\n  padding-bottom: 30px;\n}\n<\/style>\n\t<\/section>\n\t\n<div class=\"row\"  id=\"row-561663628\">\n\n\t<div id=\"col-1238139235\" class=\"col small-12 large-12\"  >\n\t\t\t\t<div class=\"col-inner\"  >\n\t\t\t\n\t\t\t\nNo images found.\n\t\t<\/div>\n\t\t\t\t\t<\/div>\n\n\t\n<\/div>\n\n\t<section class=\"section\" id=\"section_759923872\">\n\t\t<div class=\"section-bg fill\" >\n\t\t\t\t\t\t\t\t\t\n\t\t\t\n\n\t\t<\/div>\n\n\t\t\n\n\t\t<div class=\"section-content relative\">\n\t\t\t\n<span class=\"scroll-to\" data-label=\"Scroll to: #handelsbetingelser\" data-bullet=\"false\" data-link=\"#handelsbetingelser\" data-title=\"Handelsbetingelser\"><a name=\"handelsbetingelser\"><\/a><\/span>\n\t<div id=\"gap-624922078\" class=\"gap-element clearfix\" style=\"display:block; height:auto;\">\n\t\t\n<style>\n#gap-624922078 {\n  padding-top: 60px;\n}\n<\/style>\n\t<\/div>\n\t\n\t\t<\/div>\n\n\t\t\n<style>\n#section_759923872 {\n  padding-top: 30px;\n  padding-bottom: 30px;\n}\n<\/style>\n\t<\/section>\n\t\n<p><strong><u>Trade and delivery conditions\u00a0<\/u><\/strong><\/p>\n<p>Welcome to Mitomito's B2B webshop.<\/p>\n<p>You cannot shop in the webshop without accepting the terms and conditions below. We recommend that you read the conditions carefully before accepting them.\u00a0<\/p>\n<p>The webshop handles orders and deliveries in Denmark only.\u00a0<\/p>\n<p>For all other retailers there is a minimum order amount of kr 2500,-<\/p>\n<p><strong><u>Order and order confirmation<\/u><\/strong>.\u00a0<br \/>Once we have received the customer's order, we send an email on receipt of the order. We reserve the right to sell out and make typing errors. In these cases, alternatives are offered. If this is not accepted by the customer, the sold-out goods will be included in the order amount in relation to various amount limits (minimum amount for order and free shipping) The missing goods, if any, will appear on the subsequent invoice and the amount will be reduced accordingly.<\/p>\n\t<div id=\"gap-1165237070\" class=\"gap-element clearfix\" style=\"display:block; height:auto;\">\n\t\t\n<style>\n#gap-1165237070 {\n  padding-top: 60px;\n}\n<\/style>\n\t<\/div>\n\t\n<p><strong><u>Delivery\u00a0<\/u><\/strong><\/p>\n<p>For orders under DKK 5000, - the freight is paid by the dealer. For orders of DKK 5000,- or more, the freight is paid by Mitomito.<\/p>\n<p>We use GLS as freight company and prices per box are as follows:<\/p>\n<p>1-5 kilo kr. 42,80<\/p>\n<p>5-10 kilo kr. 54,00<\/p>\n<p>10-15 kilo kr. 71,00<\/p>\n<p>15-20 kilos kr. 81,00<\/p>\n<p>Orders are delivered to the destination in Denmark (excluding Greenland and the Faroe Islands) specified by the customer in the order. <br \/>We normally estimate a delivery time of up to 5 business days, subject to external conditions beyond Mitomito's control.\u00a0<br \/>Orders are delivered on weekdays between 10:00 and 16:00. The customer is obliged to be able to receive the order during this time. If this is not possible, a shipping surcharge will apply.<\/p>\n<p><strong><u>Prices and payment\u00a0<\/u><\/strong><br \/>All prices on the B2B webshop are in Danish kroner, excluding VAT. Shipping costs are added separately.<br \/>Payment is made via invoice, which is sent when the item is dispatched from Mitomito's warehouse. Payment terms are 14 days net for purchases on invoice. The invoice is sent by e-mail.<strong>\u00a0<\/strong><br \/>Bank details<strong>:<\/strong>\u00a0Nordea, reg. no: 2863, account no: 4398 319 368<\/p>\n<p>In the event of late payment, default interest shall be charged at the rate of 3.0 % per calendar month commenced, calculated from the due date until payment is made.<\/p>\n<p>\u00a0<\/p>\n<p><strong><u>Complaints\u00a0<\/u><\/strong><br \/>Upon receipt of a delivery, the customer is obliged to inspect the delivered goods immediately with regard to the quantity delivered, the condition of the goods, defects, etc. The customer must note any immediately ascertainable damage to the shipping boxes on the consignment note in connection with his receipt. Complaints must be received by Mitomito within 5 working days of delivery.\u00a0<br \/>Thereafter, the customer loses the right to make a claim. The goods to which the complaint relates must be returned to Mitomito for confirmation. In case of complaint or non-delivery please contact Mitomito by e-mail hello@mitomito.dk\u00a0<\/p>\n<p><strong><u>Right of withdrawal\u00a0<\/u><\/strong><br \/>The customer has no right of withdrawal because the transaction is between traders.\u00a0<\/p>\n<p><strong><u>Processing of personal data<\/u><\/strong><br \/>When you register as a customer and make a purchase through Mitomito's B2B webshop, Mitomito processes personal data about you that are necessary for the execution of the order. You can read more about Mitomito's processing of your\u00a0<br \/>personal data in our privacy policy, which is available on our website\u00a0<br \/><a href=\"https:\/\/mitomito.dk\/en\/persondatapolitik-cookies\/\">https:\/\/mitomito.dk\/persondatapolitik-cookies\/<\/a><\/p>","protected":false},"excerpt":{"rendered":"<p>Handels- og leveringsbetingelser\u00a0 Velkommen til Mitomitos B2B-webshop. Man kan ikke handle i webshoppen uden at acceptere nedenst\u00e5ende handels- og leveringsbetingelser. Vi anbefaler, at betingelserne l\u00e6ses grundigt igennem, inden de accepteres.\u00a0 Webshoppen h\u00e5ndterer udelukkende bestillinger og leveringer i Danmark.\u00a0 For alle andre forhandlere er der et minimumsbel\u00f8b p\u00e5 ordrer p\u00e5 kr 2500,- Ordre og ordrebekr\u00e6ftelse.\u00a0N\u00e5r vi [&#8230;]\n","protected":false},"author":114,"featured_media":0,"parent":0,"menu_order":0,"comment_status":"closed","ping_status":"closed","template":"","meta":{"footnotes":""},"class_list":["post-2871","page","type-page","status-publish","hentry"],"_links":{"self":[{"href":"https:\/\/mitomito.dk\/en\/wp-json\/wp\/v2\/pages\/2871","targetHints":{"allow":["GET"]}}],"collection":[{"href":"https:\/\/mitomito.dk\/en\/wp-json\/wp\/v2\/pages"}],"about":[{"href":"https:\/\/mitomito.dk\/en\/wp-json\/wp\/v2\/types\/page"}],"author":[{"embeddable":true,"href":"https:\/\/mitomito.dk\/en\/wp-json\/wp\/v2\/users\/114"}],"replies":[{"embeddable":true,"href":"https:\/\/mitomito.dk\/en\/wp-json\/wp\/v2\/comments?post=2871"}],"version-history":[{"count":38,"href":"https:\/\/mitomito.dk\/en\/wp-json\/wp\/v2\/pages\/2871\/revisions"}],"predecessor-version":[{"id":3425,"href":"https:\/\/mitomito.dk\/en\/wp-json\/wp\/v2\/pages\/2871\/revisions\/3425"}],"wp:attachment":[{"href":"https:\/\/mitomito.dk\/en\/wp-json\/wp\/v2\/media?parent=2871"}],"curies":[{"name":"wp","href":"https:\/\/api.w.org\/{rel}","templated":true}]}}